{"id":248,"date":"2015-06-04T13:35:00","date_gmt":"2015-06-04T11:35:00","guid":{"rendered":"http:\/\/www.iasc-ev.com\/?page_id=248"},"modified":"2016-01-31T12:03:32","modified_gmt":"2016-01-31T11:03:32","slug":"qualitaetsstandards","status":"publish","type":"page","link":"https:\/\/www.iasc-ev.com\/?page_id=248","title":{"rendered":"Qualit\u00e4tsstandards"},"content":{"rendered":"<h2 class=\"contentheading\">Vereinsstatuten und Qualit\u00e4tskriterien<\/h2>\n<div class=\"article-content\">\n<p>Hier k\u00f6nnen Sie PDF&#8217;s von unseren Vereinsstatuten, die Qualit\u00e4tsstandards und Anerkennungskriterien der IASC\u00a0herunterladen.<\/p>\n<\/div>\n<p><a href=\"http:\/\/www.iasc-ev.com\/wp-content\/uploads\/2015\/06\/Vereinsstatuten.pdf\">Vereinsstatuten<\/a><\/p>\n<p><a href=\"http:\/\/www.iasc-ev.com\/wp-content\/uploads\/2016\/01\/Qualit\u00e4tsstandards-IASC_NEU_2016.pdf\">Qualit\u00e4tsstandards+Anerkennungskriterien<\/a><\/p>\n","protected":false},"excerpt":{"rendered":"<p>Vereinsstatuten und Qualit\u00e4tskriterien Hier k\u00f6nnen Sie PDF&#8217;s von unseren Vereinsstatuten, die Qualit\u00e4tsstandards und Anerkennungskriterien der IASC\u00a0herunterladen. Vereinsstatuten Qualit\u00e4tsstandards+Anerkennungskriterien<\/p>\n","protected":false},"author":4,"featured_media":7,"parent":0,"menu_order":0,"comment_status":"open","ping_status":"open","template":"","meta":{"ngg_post_thumbnail":0,"footnotes":""},"class_list":["post-248","page","type-page","status-publish","has-post-thumbnail","hentry"],"_links":{"self":[{"href":"https:\/\/www.iasc-ev.com\/index.php?rest_route=\/wp\/v2\/pages\/248","targetHints":{"allow":["GET"]}}],"collection":[{"href":"https:\/\/www.iasc-ev.com\/index.php?rest_route=\/wp\/v2\/pages"}],"about":[{"href":"https:\/\/www.iasc-ev.com\/index.php?rest_route=\/wp\/v2\/types\/page"}],"author":[{"embeddable":true,"href":"https:\/\/www.iasc-ev.com\/index.php?rest_route=\/wp\/v2\/users\/4"}],"replies":[{"embeddable":true,"href":"https:\/\/www.iasc-ev.com\/index.php?rest_route=%2Fwp%2Fv2%2Fcomments&post=248"}],"version-history":[{"count":5,"href":"https:\/\/www.iasc-ev.com\/index.php?rest_route=\/wp\/v2\/pages\/248\/revisions"}],"predecessor-version":[{"id":606,"href":"https:\/\/www.iasc-ev.com\/index.php?rest_route=\/wp\/v2\/pages\/248\/revisions\/606"}],"wp:featuredmedia":[{"embeddable":true,"href":"https:\/\/www.iasc-ev.com\/index.php?rest_route=\/wp\/v2\/media\/7"}],"wp:attachment":[{"href":"https:\/\/www.iasc-ev.com\/index.php?rest_route=%2Fwp%2Fv2%2Fmedia&parent=248"}],"curies":[{"name":"wp","href":"https:\/\/api.w.org\/{rel}","templated":true}]}}