{"id":69,"date":"2015-06-03T10:41:03","date_gmt":"2015-06-03T08:41:03","guid":{"rendered":"http:\/\/www.iasc-ev.com\/?page_id=69"},"modified":"2024-05-09T19:46:36","modified_gmt":"2024-05-09T17:46:36","slug":"kontakt","status":"publish","type":"page","link":"https:\/\/www.iasc-ev.com\/?page_id=69","title":{"rendered":"Kontakt"},"content":{"rendered":"<h4><strong><span style=\"color: #f4c221;\">IASC<\/span>&nbsp;<\/strong>&#8211; International Association for&nbsp;Supervision and Coaching<\/h4>\n<p>Krottenbachstra\u00dfe 44\/8\/8<br \/>\n1190 Wien<\/p>\n<p>Mobil: +43 664 1579022<\/p>\n<p><a href=\"mailto:office@iasc-ev.com\">E-Mail<\/a><\/p>\n<p>&nbsp;<\/p>\n<p>&nbsp;<\/p>\n<p><strong><a href=\"http:\/\/www.iasc-ev.com\/wp-content\/uploads\/2024\/05\/DSC_2982.jpg\"><img loading=\"lazy\" decoding=\"async\" class=\"wp-image-1205 alignleft\" src=\"http:\/\/www.iasc-ev.com\/wp-content\/uploads\/2024\/05\/DSC_2982.jpg\" alt=\"\" width=\"248\" height=\"165\" srcset=\"https:\/\/www.iasc-ev.com\/wp-content\/uploads\/2024\/05\/DSC_2982.jpg 1504w, https:\/\/www.iasc-ev.com\/wp-content\/uploads\/2024\/05\/DSC_2982-300x199.jpg 300w, https:\/\/www.iasc-ev.com\/wp-content\/uploads\/2024\/05\/DSC_2982-1024x681.jpg 1024w, https:\/\/www.iasc-ev.com\/wp-content\/uploads\/2024\/05\/DSC_2982-768x511.jpg 768w, https:\/\/www.iasc-ev.com\/wp-content\/uploads\/2024\/05\/DSC_2982-321x214.jpg 321w, https:\/\/www.iasc-ev.com\/wp-content\/uploads\/2024\/05\/DSC_2982-140x94.jpg 140w\" sizes=\"auto, (max-width: 248px) 100vw, 248px\" \/><\/a>Pr\u00e4sidentin &nbsp; &nbsp; &nbsp; &nbsp; &nbsp;&nbsp;<br \/>\n<\/strong><\/p>\n<p>Dipl. rer.soc. Ruth B\u00fcngers-Rabitsch<\/p>\n<p>Tel: +43 664 1579022<\/p>\n<p><a href=\"mailto:vorstand@iasc-ev.at\">E-Mail<\/a><\/p>\n<p>&nbsp;<\/p>\n<p>&nbsp;<\/p>\n<p>&nbsp;<\/p>\n<blockquote><p><strong><a href=\"http:\/\/www.iasc-ev.com\/wp-content\/uploads\/2023\/10\/IMG-20231011-WA0000.jpg\"><img loading=\"lazy\" decoding=\"async\" class=\"alignleft wp-image-1115\" src=\"http:\/\/www.iasc-ev.com\/wp-content\/uploads\/2023\/10\/IMG-20231011-WA0000-221x300.jpg\" alt=\"\" width=\"143\" height=\"194\" srcset=\"https:\/\/www.iasc-ev.com\/wp-content\/uploads\/2023\/10\/IMG-20231011-WA0000-221x300.jpg 221w, https:\/\/www.iasc-ev.com\/wp-content\/uploads\/2023\/10\/IMG-20231011-WA0000-754x1024.jpg 754w, https:\/\/www.iasc-ev.com\/wp-content\/uploads\/2023\/10\/IMG-20231011-WA0000-768x1044.jpg 768w, https:\/\/www.iasc-ev.com\/wp-content\/uploads\/2023\/10\/IMG-20231011-WA0000-1130x1536.jpg 1130w, https:\/\/www.iasc-ev.com\/wp-content\/uploads\/2023\/10\/IMG-20231011-WA0000.jpg 1507w\" sizes=\"auto, (max-width: 143px) 100vw, 143px\" \/><\/a><\/strong><\/p><\/blockquote>\n<p><strong>Vizepr\u00e4sident<\/strong><\/p>\n<p>Mag.iur. Emanuel Rabitsch<\/p>\n<p>Tel: &nbsp; &nbsp; +43 650 5513266<\/p>\n<p><a href=\"mailto:vorstand@iasc-ev.at\">E-Mail<\/a><\/p>\n<p>&nbsp;<\/p>\n<p>&nbsp;<\/p>\n<p>&nbsp;<\/p>\n","protected":false},"excerpt":{"rendered":"<p>IASC&nbsp;&#8211; International Association for&nbsp;Supervision and Coaching Krottenbachstra\u00dfe 44\/8\/8 1190 Wien Mobil: +43 664 1579022 E-Mail &nbsp; &nbsp; Pr\u00e4sidentin &nbsp; &nbsp; &nbsp; &nbsp; &nbsp;&nbsp; Dipl. rer.soc. Ruth B\u00fcngers-Rabitsch Tel: +43 664 1579022 E-Mail &nbsp; &nbsp; &nbsp; Vizepr\u00e4sident Mag.iur. Emanuel Rabitsch Tel: &nbsp; &nbsp; +43 650 5513266 E-Mail &nbsp; &nbsp; &nbsp;<\/p>\n","protected":false},"author":4,"featured_media":7,"parent":0,"menu_order":0,"comment_status":"open","ping_status":"open","template":"page-full.php","meta":{"ngg_post_thumbnail":0,"footnotes":""},"class_list":["post-69","page","type-page","status-publish","has-post-thumbnail","hentry"],"_links":{"self":[{"href":"https:\/\/www.iasc-ev.com\/index.php?rest_route=\/wp\/v2\/pages\/69","targetHints":{"allow":["GET"]}}],"collection":[{"href":"https:\/\/www.iasc-ev.com\/index.php?rest_route=\/wp\/v2\/pages"}],"about":[{"href":"https:\/\/www.iasc-ev.com\/index.php?rest_route=\/wp\/v2\/types\/page"}],"author":[{"embeddable":true,"href":"https:\/\/www.iasc-ev.com\/index.php?rest_route=\/wp\/v2\/users\/4"}],"replies":[{"embeddable":true,"href":"https:\/\/www.iasc-ev.com\/index.php?rest_route=%2Fwp%2Fv2%2Fcomments&post=69"}],"version-history":[{"count":31,"href":"https:\/\/www.iasc-ev.com\/index.php?rest_route=\/wp\/v2\/pages\/69\/revisions"}],"predecessor-version":[{"id":1208,"href":"https:\/\/www.iasc-ev.com\/index.php?rest_route=\/wp\/v2\/pages\/69\/revisions\/1208"}],"wp:featuredmedia":[{"embeddable":true,"href":"https:\/\/www.iasc-ev.com\/index.php?rest_route=\/wp\/v2\/media\/7"}],"wp:attachment":[{"href":"https:\/\/www.iasc-ev.com\/index.php?rest_route=%2Fwp%2Fv2%2Fmedia&parent=69"}],"curies":[{"name":"wp","href":"https:\/\/api.w.org\/{rel}","templated":true}]}}