{"id":90,"date":"2015-06-04T12:10:23","date_gmt":"2015-06-04T10:10:23","guid":{"rendered":"http:\/\/www.iasc-ev.com\/?page_id=90"},"modified":"2023-11-28T16:28:30","modified_gmt":"2023-11-28T15:28:30","slug":"wer-wir-sind","status":"publish","type":"page","link":"https:\/\/www.iasc-ev.com\/?page_id=90","title":{"rendered":"Wer wir sind"},"content":{"rendered":"<p>Die IASC (International Association for Supervision and Coaching) ist ein internationaler Berufsverband der in erster Linie die Qualit\u00e4t im Bereich Coaching und Supervision garantiert.<\/p>\n<p>Der Verein&nbsp; f\u00fchrt den Namen \u201cIASC \u2013 International Association for Supervision and Coaching \u2013 Verein zur F\u00f6rderung der Qualit\u00e4t und Professionalit\u00e4t im Bereich Coaching, Supervision und Organisationsentwicklung \u201d und ist im September 2009 gegr\u00fcndet und ist ordnungsgem\u00e4\u00df bei der Vereinsbeh\u00f6rde angemeldet und beh\u00f6rdlich&nbsp; genehmigt.<\/p>\n<p>Er hat seinen Sitz in Wien und erstreckt seine T\u00e4tigkeit auf die ganze Welt.<br \/>\n\u2026\u2026..aus den Statuten:<\/p>\n<p>\u201cDer Verein,&nbsp; bezweckt&nbsp; durch Ausbildung, Forschung, Veranstaltung von Seminaren und Kongressen, Zertifizierung, Coaching, Supervision und Organisationsentwicklung die Bildung bzw. Weiterbildung von Erwachsenen zu f\u00f6rdern und Personen und Organisationen, in diesen Bereich zu vernetzten und eine gemeinsame Informationsplattform zu schaffen. Dadurch wird die interkulturelle Zusammenarbeit gest\u00e4rkt und das berufliche Handeln professionalisiert.\u201d<\/p>\n<ul type=\"circle\">\n<li>Aus- und Weiterbildung<\/li>\n<li>Coaching und Supervision f\u00fcr Einzelpersonen, Gruppen, Teams, Projekte, Organisationen<\/li>\n<li>Organisationsentwicklung<\/li>\n<li>Durchf\u00fchrung und Planung von Fortbildungen f\u00fcr Erwachsene und durch Fortbildung und Beratung von sozialen&nbsp;Organisationen und Organisationen, die hoheitliche Aufgaben \u00fcbernehmen<\/li>\n<li>Zertifizierung<\/li>\n<li>Entwicklung der Ausbildungsstandards f\u00fcr Supervision und Coaching<\/li>\n<li>Austausch und Vernetzung der im Bereich Coaching und Supervision t\u00e4tigen Personen und Organisationen auf der ganzen Welt<\/li>\n<li>Organisation und Durchf\u00fchrung von Schulungen, Tagungen und Kongressen<\/li>\n<li>Forschung im Bereich Supervision und Coaching<\/li>\n<\/ul>\n","protected":false},"excerpt":{"rendered":"<p>Die IASC (International Association for Supervision and Coaching) ist ein internationaler Berufsverband der in erster Linie die Qualit\u00e4t im Bereich Coaching und Supervision garantiert. Der Verein&nbsp; f\u00fchrt den Namen \u201cIASC \u2013 International Association for Supervision and Coaching \u2013 Verein zur F\u00f6rderung der Qualit\u00e4t und Professionalit\u00e4t im Bereich Coaching, Supervision und Organisationsentwicklung \u201d und ist im [&hellip;]<\/p>\n","protected":false},"author":4,"featured_media":32,"parent":0,"menu_order":0,"comment_status":"closed","ping_status":"open","template":"","meta":{"ngg_post_thumbnail":0,"footnotes":""},"class_list":["post-90","page","type-page","status-publish","has-post-thumbnail","hentry"],"_links":{"self":[{"href":"https:\/\/www.iasc-ev.com\/index.php?rest_route=\/wp\/v2\/pages\/90","targetHints":{"allow":["GET"]}}],"collection":[{"href":"https:\/\/www.iasc-ev.com\/index.php?rest_route=\/wp\/v2\/pages"}],"about":[{"href":"https:\/\/www.iasc-ev.com\/index.php?rest_route=\/wp\/v2\/types\/page"}],"author":[{"embeddable":true,"href":"https:\/\/www.iasc-ev.com\/index.php?rest_route=\/wp\/v2\/users\/4"}],"replies":[{"embeddable":true,"href":"https:\/\/www.iasc-ev.com\/index.php?rest_route=%2Fwp%2Fv2%2Fcomments&post=90"}],"version-history":[{"count":2,"href":"https:\/\/www.iasc-ev.com\/index.php?rest_route=\/wp\/v2\/pages\/90\/revisions"}],"predecessor-version":[{"id":1170,"href":"https:\/\/www.iasc-ev.com\/index.php?rest_route=\/wp\/v2\/pages\/90\/revisions\/1170"}],"wp:featuredmedia":[{"embeddable":true,"href":"https:\/\/www.iasc-ev.com\/index.php?rest_route=\/wp\/v2\/media\/32"}],"wp:attachment":[{"href":"https:\/\/www.iasc-ev.com\/index.php?rest_route=%2Fwp%2Fv2%2Fmedia&parent=90"}],"curies":[{"name":"wp","href":"https:\/\/api.w.org\/{rel}","templated":true}]}}